{"id":838,"date":"2025-03-20T10:49:14","date_gmt":"2025-03-20T14:49:14","guid":{"rendered":"https:\/\/associationpatrimoineaylmer.com\/?page_id=838"},"modified":"2025-03-20T11:31:23","modified_gmt":"2025-03-20T15:31:23","slug":"graham-collection-aviation","status":"publish","type":"page","link":"https:\/\/associationpatrimoineaylmer.com\/en\/graham-collection-aviation\/","title":{"rendered":"Graham Collection: &#8220;Aviation&#8221;"},"content":{"rendered":"\n<p>&nbsp;<\/p>\n\n\n\n<figure class=\"wp-block-image size-full\"><img loading=\"lazy\" decoding=\"async\" width=\"900\" height=\"621\" src=\"https:\/\/associationpatrimoineaylmer.com\/wp-content\/uploads\/2025\/03\/P26-0002.jpg\" alt=\"Exemple Collection Graham - archives Association du patrimoine d'Aylmer.\" class=\"wp-image-833\" srcset=\"https:\/\/associationpatrimoineaylmer.com\/wp-content\/uploads\/2025\/03\/P26-0002.jpg 900w, https:\/\/associationpatrimoineaylmer.com\/wp-content\/uploads\/2025\/03\/P26-0002-300x207.jpg 300w, https:\/\/associationpatrimoineaylmer.com\/wp-content\/uploads\/2025\/03\/P26-0002-768x530.jpg 768w\" sizes=\"auto, (max-width: 900px) 100vw, 900px\" \/><figcaption class=\"wp-element-caption\">Example from the Graham Collection &#8211; &#8220;Aviation&#8221; Category \u00a9 Association du patrimoine d&#8217;Aylmer.<\/figcaption><\/figure>\n\n\n\n<p class=\"has-medium-font-size\">C.K .Graham\u2019s son, <strong>Arthur Graham<\/strong> (1913 \u2013 1995) \u2013 was an amateur aviator and there are 83 photographs that depict this interest. They show 1930s privately owned aircraft including the Fairchild auto-gyro both stationary on a grass airstrip at Longueuil, Qu\u00e9bec, and in flight.<\/p>\n\n\n\n<p>Go to the page:&nbsp; <a href=\"https:\/\/heritagediversity.com\/apa\/exhibits\/show\/aviation-collection-graham\" target=\"_blank\" rel=\"noopener\">Collection Graham : Aviation<\/a><\/p>\n\n\n\n<p><\/p>\n\n\n\n<hr class=\"wp-block-separator has-alpha-channel-opacity is-style-dots\"\/>\n\n\n\n<p><\/p>\n\n\n\n<p>&nbsp;<\/p>\n\n\n<div class=\"wp-block-image is-style-rounded\">\n<figure class=\"aligncenter size-large is-resized\"><img loading=\"lazy\" decoding=\"async\" width=\"1024\" height=\"576\" src=\"https:\/\/associationpatrimoineaylmer.com\/wp-content\/uploads\/2025\/03\/image_collection-1024x576.jpg\" alt=\"Photo Collection Graham - archives Association du patrimoine d'Aylmer.\" class=\"wp-image-831\" style=\"width:617px\" srcset=\"https:\/\/associationpatrimoineaylmer.com\/wp-content\/uploads\/2025\/03\/image_collection-1024x576.jpg 1024w, https:\/\/associationpatrimoineaylmer.com\/wp-content\/uploads\/2025\/03\/image_collection-300x169.jpg 300w, https:\/\/associationpatrimoineaylmer.com\/wp-content\/uploads\/2025\/03\/image_collection-768x432.jpg 768w, https:\/\/associationpatrimoineaylmer.com\/wp-content\/uploads\/2025\/03\/image_collection.jpg 1280w\" sizes=\"auto, (max-width: 1024px) 100vw, 1024px\" \/><figcaption class=\"wp-element-caption\">Graham Collection &#8211; Aylmer Heritage Association archives \u00a9 2024.<\/figcaption><\/figure>\n<\/div>\n\n\n<hr class=\"wp-block-separator has-alpha-channel-opacity\"\/>\n\n\n\n<p>&nbsp;<\/p>\n\n\n\n<div class=\"wp-block-group\"><div class=\"wp-block-group__inner-container is-layout-constrained wp-block-group-is-layout-constrained\"><div class=\"wp-block-image\">\n<figure class=\"aligncenter is-resized\"><img loading=\"lazy\" decoding=\"async\" width=\"1200\" height=\"300\" src=\"https:\/\/associationpatrimoineaylmer.com\/wp-content\/uploads\/2025\/03\/LOGO_EDC_Couleur_RVB.png\" alt=\"\" class=\"wp-image-856\" style=\"width:400px\" srcset=\"https:\/\/associationpatrimoineaylmer.com\/wp-content\/uploads\/2025\/03\/LOGO_EDC_Couleur_RVB.png 1200w, https:\/\/associationpatrimoineaylmer.com\/wp-content\/uploads\/2025\/03\/LOGO_EDC_Couleur_RVB-300x75.png 300w, https:\/\/associationpatrimoineaylmer.com\/wp-content\/uploads\/2025\/03\/LOGO_EDC_Couleur_RVB-1024x256.png 1024w, https:\/\/associationpatrimoineaylmer.com\/wp-content\/uploads\/2025\/03\/LOGO_EDC_Couleur_RVB-768x192.png 768w\" sizes=\"auto, (max-width: 1200px) 100vw, 1200px\" \/><\/figure>\n<\/div>\n\n\n<p class=\"has-text-align-center has-small-font-size\">Ce projet est r\u00e9alis\u00e9 gr\u00e2ce au soutien financier de la Ville de Gatineau et du gouvernement <br>du Qu\u00e9bec dans le cadre de l\u2019Entente de d\u00e9veloppement culturel 2023.<\/p>\n<\/div><\/div>\n\n\n\n<p>&nbsp;<\/p>\n","protected":false},"excerpt":{"rendered":"<p>&nbsp; C.K .Graham\u2019s son, Arthur Graham (1913 \u2013 1995) \u2013 was an amateur aviator and there are 83 photographs that depict this interest. They show 1930s privately owned aircraft including the Fairchild auto-gyro both stationary on a grass airstrip at Longueuil, Qu\u00e9bec, and in flight. Go to the page:&nbsp; Collection Graham : Aviation &nbsp; &nbsp; [&hellip;]<\/p>\n","protected":false},"author":2,"featured_media":0,"parent":0,"menu_order":0,"comment_status":"closed","ping_status":"closed","template":"","meta":{"_acf_changed":false,"footnotes":""},"class_list":["post-838","page","type-page","status-publish","hentry"],"acf":[],"_links":{"self":[{"href":"https:\/\/associationpatrimoineaylmer.com\/en\/wp-json\/wp\/v2\/pages\/838","targetHints":{"allow":["GET"]}}],"collection":[{"href":"https:\/\/associationpatrimoineaylmer.com\/en\/wp-json\/wp\/v2\/pages"}],"about":[{"href":"https:\/\/associationpatrimoineaylmer.com\/en\/wp-json\/wp\/v2\/types\/page"}],"author":[{"embeddable":true,"href":"https:\/\/associationpatrimoineaylmer.com\/en\/wp-json\/wp\/v2\/users\/2"}],"replies":[{"embeddable":true,"href":"https:\/\/associationpatrimoineaylmer.com\/en\/wp-json\/wp\/v2\/comments?post=838"}],"version-history":[{"count":5,"href":"https:\/\/associationpatrimoineaylmer.com\/en\/wp-json\/wp\/v2\/pages\/838\/revisions"}],"predecessor-version":[{"id":871,"href":"https:\/\/associationpatrimoineaylmer.com\/en\/wp-json\/wp\/v2\/pages\/838\/revisions\/871"}],"wp:attachment":[{"href":"https:\/\/associationpatrimoineaylmer.com\/en\/wp-json\/wp\/v2\/media?parent=838"}],"curies":[{"name":"wp","href":"https:\/\/api.w.org\/{rel}","templated":true}]}}